{"id":2,"date":"2022-08-19T07:15:52","date_gmt":"2022-08-19T07:15:52","guid":{"rendered":"https:\/\/efsc70.net\/?page_id=2"},"modified":"2022-08-21T21:35:37","modified_gmt":"2022-08-22T02:35:37","slug":"pagina-ejemplo","status":"publish","type":"page","link":"https:\/\/efsc70.net\/?page_id=2","title":{"rendered":"Acerca de"},"content":{"rendered":"\n<h2 class=\"wp-block-heading\" id=\"no-hay-nada-como-una-taza-de-cafe-para-estimular-las-celulas-del-cerebro-sherlock-holmes\">EFSC70<\/h2>\n\n\n\n<div class=\"wp-block-columns is-layout-flex wp-container-core-columns-is-layout-9d6595d7 wp-block-columns-is-layout-flex\">\n<div class=\"wp-block-column is-layout-flow wp-block-column-is-layout-flow\" style=\"flex-basis:50%\">\n<figure class=\"wp-block-image size-medium is-style-default\"><img loading=\"lazy\" decoding=\"async\" width=\"225\" height=\"300\" src=\"https:\/\/efsc70.net\/wp-content\/uploads\/2022\/08\/img_0016-5-225x300.jpg\" alt=\"Foto efsc70 B\/C\" class=\"wp-image-36\" srcset=\"https:\/\/efsc70.net\/wp-content\/uploads\/2022\/08\/img_0016-5-225x300.jpg 225w, https:\/\/efsc70.net\/wp-content\/uploads\/2022\/08\/img_0016-5-769x1024.jpg 769w, https:\/\/efsc70.net\/wp-content\/uploads\/2022\/08\/img_0016-5-768x1022.jpg 768w, https:\/\/efsc70.net\/wp-content\/uploads\/2022\/08\/img_0016-5-1154x1536.jpg 1154w, https:\/\/efsc70.net\/wp-content\/uploads\/2022\/08\/img_0016-5-1539x2048.jpg 1539w, https:\/\/efsc70.net\/wp-content\/uploads\/2022\/08\/img_0016-5-600x799.jpg 600w, https:\/\/efsc70.net\/wp-content\/uploads\/2022\/08\/img_0016-5-scaled.jpg 1923w\" sizes=\"auto, (max-width: 225px) 100vw, 225px\" \/><\/figure>\n<\/div>\n\n\n\n<div class=\"wp-block-column is-layout-flow wp-block-column-is-layout-flow\" style=\"flex-basis:50%\">\n<h2 class=\"wp-block-heading\" id=\"no-hay-nada-como-una-taza-de-cafe-para-estimular-las-celulas-del-cerebro-sherlock-holmes\">\u00abNo hay nada como una taza de caf\u00e9 para estimular las c\u00e9lulas del cerebro\u00bb Sherlock Holmes.<\/h2>\n\n\n\n<p>Profesor, administrador, traductor, freelancer, escritor e investigador de cl\u00f3set. Siempre leyendo y reflexionando sobre ciencia, tecnolog\u00eda, filosof\u00eda, pol\u00edtica y ciencia-ficci\u00f3n. El caf\u00e9 es mi principal adicci\u00f3n y dibujar mi peor habilidad.<\/p>\n<\/div>\n<\/div>\n","protected":false},"excerpt":{"rendered":"<p>EFSC70 \u00abNo hay nada como una taza de caf\u00e9 para estimular las c\u00e9lulas del cerebro\u00bb Sherlock Holmes. Profesor, administrador, traductor, freelancer, escritor e investigador de cl\u00f3set. Siempre leyendo y reflexionando &hellip; <a href=\"https:\/\/efsc70.net\/?page_id=2\" class=\"more-link\">Leer m\u00e1s<\/a><\/p>\n","protected":false},"author":1,"featured_media":0,"parent":0,"menu_order":0,"comment_status":"closed","ping_status":"open","template":"","meta":{"footnotes":""},"class_list":["post-2","page","type-page","status-publish","hentry","entry"],"jetpack-related-posts":[],"jetpack_sharing_enabled":true,"_links":{"self":[{"href":"https:\/\/efsc70.net\/index.php?rest_route=\/wp\/v2\/pages\/2","targetHints":{"allow":["GET"]}}],"collection":[{"href":"https:\/\/efsc70.net\/index.php?rest_route=\/wp\/v2\/pages"}],"about":[{"href":"https:\/\/efsc70.net\/index.php?rest_route=\/wp\/v2\/types\/page"}],"author":[{"embeddable":true,"href":"https:\/\/efsc70.net\/index.php?rest_route=\/wp\/v2\/users\/1"}],"replies":[{"embeddable":true,"href":"https:\/\/efsc70.net\/index.php?rest_route=%2Fwp%2Fv2%2Fcomments&post=2"}],"version-history":[{"count":1,"href":"https:\/\/efsc70.net\/index.php?rest_route=\/wp\/v2\/pages\/2\/revisions"}],"predecessor-version":[{"id":37,"href":"https:\/\/efsc70.net\/index.php?rest_route=\/wp\/v2\/pages\/2\/revisions\/37"}],"wp:attachment":[{"href":"https:\/\/efsc70.net\/index.php?rest_route=%2Fwp%2Fv2%2Fmedia&parent=2"}],"curies":[{"name":"wp","href":"https:\/\/api.w.org\/{rel}","templated":true}]}}